{"id":1303,"date":"2021-06-21T15:32:26","date_gmt":"2021-06-21T13:32:26","guid":{"rendered":"https:\/\/www.gites-la-source.com\/?page_id=1303"},"modified":"2026-01-25T16:50:49","modified_gmt":"2026-01-25T15:50:49","slug":"la-source","status":"publish","type":"page","link":"https:\/\/www.gites-la-source.com\/en\/","title":{"rendered":"La Source"},"content":{"rendered":"\t\t<div data-elementor-type=\"wp-page\" data-elementor-id=\"1303\" class=\"elementor elementor-1303\" data-elementor-settings=\"[]\">\n\t\t\t\t\t\t\t<div class=\"elementor-section-wrap\">\n\t\t\t\t\t\t\t<section class=\"elementor-section elementor-top-section elementor-element elementor-element-9536106 elementor-section-boxed elementor-section-height-default elementor-section-height-default\" data-id=\"9536106\" data-element_type=\"section\">\n\t\t\t\t\t\t<div class=\"elementor-container elementor-column-gap-default\">\n\t\t\t\t\t<div class=\"elementor-column elementor-col-50 elementor-top-column elementor-element elementor-element-1c524545\" data-id=\"1c524545\" data-element_type=\"column\">\n\t\t\t<div class=\"elementor-widget-wrap elementor-element-populated\">\n\t\t\t\t\t\t\t\t<section class=\"elementor-section elementor-inner-section elementor-element elementor-element-128c7c98 elementor-section-boxed elementor-section-height-default elementor-section-height-default\" data-id=\"128c7c98\" data-element_type=\"section\">\n\t\t\t\t\t\t<div class=\"elementor-container elementor-column-gap-default\">\n\t\t\t\t\t<div class=\"elementor-column elementor-col-66 elementor-inner-column elementor-element elementor-element-196082f8\" data-id=\"196082f8\" data-element_type=\"column\">\n\t\t\t<div class=\"elementor-widget-wrap elementor-element-populated\">\n\t\t\t\t\t\t\t\t<div class=\"elementor-element elementor-element-1958063a elementor-widget elementor-widget-image\" data-id=\"1958063a\" data-element_type=\"widget\" data-widget_type=\"image.default\">\n\t\t\t\t<div class=\"elementor-widget-container\">\n\t\t\t\t\t\t\t\t\t\t\t\t\t\t\t<img loading=\"lazy\" decoding=\"async\" width=\"300\" height=\"180\" src=\"https:\/\/www.gites-la-source.com\/gite-source-dordogne\/wp-content\/uploads\/2017\/02\/entree-panneau-2-location-gites-luxe-dordogne-perigord-la-source-300x180.jpg\" class=\"attachment-medium size-medium\" alt=\"\" srcset=\"https:\/\/www.gites-la-source.com\/gite-source-dordogne\/wp-content\/uploads\/2017\/02\/entree-panneau-2-location-gites-luxe-dordogne-perigord-la-source-300x180.jpg 300w, https:\/\/www.gites-la-source.com\/gite-source-dordogne\/wp-content\/uploads\/2017\/02\/entree-panneau-2-location-gites-luxe-dordogne-perigord-la-source-768x461.jpg 768w, https:\/\/www.gites-la-source.com\/gite-source-dordogne\/wp-content\/uploads\/2017\/02\/entree-panneau-2-location-gites-luxe-dordogne-perigord-la-source-1024x615.jpg 1024w, https:\/\/www.gites-la-source.com\/gite-source-dordogne\/wp-content\/uploads\/2017\/02\/entree-panneau-2-location-gites-luxe-dordogne-perigord-la-source.jpg 2000w\" sizes=\"auto, 100vw\" \/>\t\t\t\t\t\t\t\t\t\t\t\t\t\t\t<\/div>\n\t\t\t\t<\/div>\n\t\t\t\t\t<\/div>\n\t\t<\/div>\n\t\t\t\t<div class=\"elementor-column elementor-col-33 elementor-inner-column elementor-element elementor-element-3c96750c\" data-id=\"3c96750c\" data-element_type=\"column\" data-settings=\"{&quot;background_background&quot;:&quot;classic&quot;}\">\n\t\t\t<div class=\"elementor-widget-wrap elementor-element-populated\">\n\t\t\t\t\t\t\t\t<div class=\"elementor-element elementor-element-12f3fa27 elementor-position-top elementor-vertical-align-top elementor-widget elementor-widget-image-box\" data-id=\"12f3fa27\" data-element_type=\"widget\" data-widget_type=\"image-box.default\">\n\t\t\t\t<div class=\"elementor-widget-container\">\n\t\t\t<div class=\"elementor-image-box-wrapper\"><figure class=\"elementor-image-box-img\"><img loading=\"lazy\" decoding=\"async\" width=\"389\" height=\"390\" src=\"https:\/\/www.gites-la-source.com\/gite-source-dordogne\/wp-content\/uploads\/2020\/01\/logo-rond-seul.png\" class=\"attachment-full size-full\" alt=\"\" srcset=\"https:\/\/www.gites-la-source.com\/gite-source-dordogne\/wp-content\/uploads\/2020\/01\/logo-rond-seul.png 389w, https:\/\/www.gites-la-source.com\/gite-source-dordogne\/wp-content\/uploads\/2020\/01\/logo-rond-seul-150x150.png 150w, https:\/\/www.gites-la-source.com\/gite-source-dordogne\/wp-content\/uploads\/2020\/01\/logo-rond-seul-300x300.png 300w, https:\/\/www.gites-la-source.com\/gite-source-dordogne\/wp-content\/uploads\/2020\/01\/logo-rond-seul-100x100.png 100w\" sizes=\"auto, 100vw\" \/><\/figure><div class=\"elementor-image-box-content\"><h1 class=\"elementor-image-box-title\">G\u00eetes La Source<\/h1><\/div><\/div>\t\t<\/div>\n\t\t\t\t<\/div>\n\t\t\t\t<div class=\"elementor-element elementor-element-290dcfba elementor-align-justify elementor-widget elementor-widget-button\" data-id=\"290dcfba\" data-element_type=\"widget\" data-widget_type=\"button.default\">\n\t\t\t\t<div class=\"elementor-widget-container\">\n\t\t\t\t\t<div class=\"elementor-button-wrapper\">\n\t\t\t<a href=\"https:\/\/via.eviivo.com\/fr-FR\/giteslasource24590\" class=\"elementor-button-link elementor-button elementor-size-md\" role=\"button\">\n\t\t\t\t\t\t<span class=\"elementor-button-content-wrapper\">\n\t\t\t\t\t\t<span class=\"elementor-button-text\">R\u00c9SERVER<\/span>\n\t\t<\/span>\n\t\t\t\t\t<\/a>\n\t\t<\/div>\n\t\t\t\t<\/div>\n\t\t\t\t<\/div>\n\t\t\t\t\t<\/div>\n\t\t<\/div>\n\t\t\t\t\t\t\t<\/div>\n\t\t<\/section>\n\t\t\t\t<div class=\"elementor-element elementor-element-d35d590 elementor-arrows-position-inside elementor-pagination-position-outside elementor-widget elementor-widget-image-carousel\" data-id=\"d35d590\" data-element_type=\"widget\" data-settings=\"{&quot;slides_to_show&quot;:&quot;1&quot;,&quot;effect&quot;:&quot;fade&quot;,&quot;navigation&quot;:&quot;both&quot;,&quot;autoplay&quot;:&quot;yes&quot;,&quot;pause_on_hover&quot;:&quot;yes&quot;,&quot;pause_on_interaction&quot;:&quot;yes&quot;,&quot;autoplay_speed&quot;:5000,&quot;infinite&quot;:&quot;yes&quot;,&quot;speed&quot;:500}\" data-widget_type=\"image-carousel.default\">\n\t\t\t\t<div class=\"elementor-widget-container\">\n\t\t\t\t\t<div class=\"elementor-image-carousel-wrapper swiper-container\" dir=\"ltr\">\n\t\t\t<div class=\"elementor-image-carousel swiper-wrapper\">\n\t\t\t\t<div class=\"swiper-slide\"><figure class=\"swiper-slide-inner\"><img decoding=\"async\" class=\"swiper-slide-image\" src=\"https:\/\/www.gites-la-source.com\/gite-source-dordogne\/wp-content\/uploads\/elementor\/thumbs\/internet-68-pa2bzaudnyy3ra2d4pwemchtl36x7minvmfabu6se8.jpg\" alt=\"internet (68)\" \/><\/figure><\/div><div class=\"swiper-slide\"><figure class=\"swiper-slide-inner\"><img decoding=\"async\" class=\"swiper-slide-image\" src=\"https:\/\/www.gites-la-source.com\/gite-source-dordogne\/wp-content\/uploads\/elementor\/thumbs\/internet-29-pa2c15kx57hgnldfb0qx1dnjrg1ze4vlssqrehfu4g.jpg\" alt=\"internet (29)\" \/><\/figure><\/div><div class=\"swiper-slide\"><figure class=\"swiper-slide-inner\"><img decoding=\"async\" class=\"swiper-slide-image\" src=\"https:\/\/www.gites-la-source.com\/gite-source-dordogne\/wp-content\/uploads\/elementor\/thumbs\/internet-80-pa2c41x07tgagb5vdrui85bpp7rq4jdt755no754xs.jpg\" alt=\"internet (80)\" \/><\/figure><\/div><div class=\"swiper-slide\"><figure class=\"swiper-slide-inner\"><img decoding=\"async\" class=\"swiper-slide-image\" src=\"https:\/\/www.gites-la-source.com\/gite-source-dordogne\/wp-content\/uploads\/elementor\/thumbs\/DSC8105-scaled-p7ysykslmo51if3660butps3q6ja7zy8b81jumuds0.jpg\" alt=\"_DSC8105\" \/><\/figure><\/div>\t\t\t<\/div>\n\t\t\t\t\t\t\t\t\t\t\t\t<div class=\"swiper-pagination\"><\/div>\n\t\t\t\t\t\t\t\t\t\t\t\t\t<div class=\"elementor-swiper-button elementor-swiper-button-prev\">\n\t\t\t\t\t\t<i class=\"eicon-chevron-left\" aria-hidden=\"true\"><\/i>\n\t\t\t\t\t\t<span class=\"elementor-screen-only\">Previous<\/span>\n\t\t\t\t\t<\/div>\n\t\t\t\t\t<div class=\"elementor-swiper-button elementor-swiper-button-next\">\n\t\t\t\t\t\t<i class=\"eicon-chevron-right\" aria-hidden=\"true\"><\/i>\n\t\t\t\t\t\t<span class=\"elementor-screen-only\">Next<\/span>\n\t\t\t\t\t<\/div>\n\t\t\t\t\t\t\t\t\t<\/div>\n\t\t\t\t<\/div>\n\t\t\t\t<\/div>\n\t\t\t\t<div class=\"elementor-element elementor-element-1da9ee21 elementor-widget elementor-widget-premium-img-gallery\" data-id=\"1da9ee21\" data-element_type=\"widget\" data-widget_type=\"premium-img-gallery.default\">\n\t\t\t\t<div class=\"elementor-widget-container\">\n\t\t\t\n\t<div class=\"premium-img-gallery-no-lightbox premium-img-gallery premium-img-gallery-metro none premium-gallery-icon-show\" id=\"premium-img-gallery-1da9ee21\">\n\t\t\n\t\t<div class=\"premium-gallery-container\" data-settings=\"{&quot;img_size&quot;:&quot;metro&quot;,&quot;filter&quot;:&quot;&quot;,&quot;theme&quot;:null,&quot;active_cat&quot;:&quot;*&quot;,&quot;ltr_mode&quot;:true,&quot;shuffle&quot;:false,&quot;sort_by&quot;:&quot;original-order&quot;,&quot;skin&quot;:&quot;default&quot;}\">\n\n\t\t\t\t\t\t\t<div class=\"grid-sizer\"><\/div>\n\t\t\t\t\t\t\t\t<div class=\"premium-gallery-item elementor-repeater-item-97db006 \" data-metro=\"{&quot;cells&quot;:12,&quot;vcells&quot;:8,&quot;cells_tablet&quot;:&quot;&quot;,&quot;vcells_tablet&quot;:&quot;&quot;,&quot;cells_mobile&quot;:&quot;&quot;,&quot;vcells_mobile&quot;:&quot;&quot;}\">\n\t\t\t\t<div class=\"pa-gallery-img default\" onclick=\"\">\n\t\t\t\t\t<div class=\"pa-gallery-img-container\">\n\t\t\t\t\t\t\n\t\t<img decoding=\"async\" class=\"pa-gallery-image\" src=\"https:\/\/www.gites-la-source.com\/gite-source-dordogne\/wp-content\/uploads\/2021\/05\/IMG_0780.jpg\" alt=\"IMG_0780\">\n\t\t\t\t\t\t\t<\/div>\n\t\t\t\t\t\t\t\t\t\t\t\t<div class=\"pa-gallery-icons-wrapper\">\n\t\t\t\t\t\t\t\t<div class=\"pa-gallery-icons-inner-container\">\n\t\t\t\t\t\t\t\t\t\t\t\t\t\t\t\t\t<\/div>\n\t\t\t\t\t\t\t<\/div>\n\t\t\t\t\t\t\t\t\t\t\t<\/div>\n\t\t\t<\/div>\n\t\t\t\n\t\t\t\t\t<\/div>\n\n\t\t\n\t<\/div>\n\n\t\t\n\t\t\n\t\t\t\t<\/div>\n\t\t\t\t<\/div>\n\t\t\t\t\t<\/div>\n\t\t<\/div>\n\t\t\t\t<div class=\"elementor-column elementor-col-50 elementor-top-column elementor-element elementor-element-6eb8a02f\" data-id=\"6eb8a02f\" data-element_type=\"column\">\n\t\t\t<div class=\"elementor-widget-wrap elementor-element-populated\">\n\t\t\t\t\t\t\t\t<div class=\"elementor-element elementor-element-556d805f elementor-widget elementor-widget-text-editor\" data-id=\"556d805f\" data-element_type=\"widget\" data-widget_type=\"text-editor.default\">\n\t\t\t\t<div class=\"elementor-widget-container\">\n\t\t\t\t\t\t\t\t<p><\/p><p>The domain of G\u00eetes la Source is a village of 8 g\u00eetes, a unique place located in the Dordogne, in the heart of the Golden Triangle of P\u00e9rigord Noir, just a few minutes from all tourist and cultural activities and halfway between Lascaux and Sarlat (12 minutes).<\/p><p>Sandrine and Pierre Sauvager, the new owners since June 2019, welcome you all year round in their property. They have 20 years of experience in prestigious Parisian restaurants that they now put at your service through their sense of hospitality and service.<\/p><p>The G\u00eetes La Source are a place for exchanges, meetings and sharing, a simple and friendly place where our guests very quickly take ownership of the place.<\/p><p>The swimming pool, the large garden, the play barn, the meals are all opportunities for you and your children to exchange your experiences and share simple and convivial moments.<\/p><p>The G\u00eetes La Source estate extends over a 6-hectare site of meadows and woods, an old P\u00e9rigord farmhouse built with traditional stones from the country.<\/p><p>This green and peaceful setting will allow you both to take advantage of the infrastructures offered on site and to discover the activities of the region: prehistoric sites unique in the world, 1001 Castles, exceptional caves and pits, remarkable gardens, visit of the most beautiful villages of France,\u2026 without forgetting the gastronomy\u2026 hiking in the forest, bike rides, outings in canoes, in the trees, in the air (hot-air balloon) or even in caving.<\/p><p>The diversity of activities, the quality of life and the cultural heritage make P\u00e9rigord a region that can be visited all year round.<\/p><p>The town of Saint-Geni\u00e8s is 2.5 km away and offers all local shops (bakery, grocery store, butcher, bar and restaurants).<\/p><p>Sunday morning is market day, you will find all the local producers and their local products.<\/p><p><\/p>\t\t\t\t\t\t<\/div>\n\t\t\t\t<\/div>\n\t\t\t\t<div class=\"elementor-element elementor-element-60cf3ffc elementor-arrows-position-inside elementor-pagination-position-outside elementor-widget elementor-widget-image-carousel\" data-id=\"60cf3ffc\" data-element_type=\"widget\" data-settings=\"{&quot;slides_to_show&quot;:&quot;1&quot;,&quot;effect&quot;:&quot;fade&quot;,&quot;navigation&quot;:&quot;both&quot;,&quot;autoplay&quot;:&quot;yes&quot;,&quot;pause_on_hover&quot;:&quot;yes&quot;,&quot;pause_on_interaction&quot;:&quot;yes&quot;,&quot;autoplay_speed&quot;:5000,&quot;infinite&quot;:&quot;yes&quot;,&quot;speed&quot;:500}\" data-widget_type=\"image-carousel.default\">\n\t\t\t\t<div class=\"elementor-widget-container\">\n\t\t\t\t\t<div class=\"elementor-image-carousel-wrapper swiper-container\" dir=\"ltr\">\n\t\t\t<div class=\"elementor-image-carousel swiper-wrapper\">\n\t\t\t\t<div class=\"swiper-slide\"><figure class=\"swiper-slide-inner\"><img decoding=\"async\" class=\"swiper-slide-image\" src=\"https:\/\/www.gites-la-source.com\/gite-source-dordogne\/wp-content\/uploads\/elementor\/thumbs\/2016-05-24-17.44.10-1_HDR-oko4mjf22b2lzcwb543fb7lojgrrm2v0sq1cvby728.jpg\" alt=\"2016-05-24 17.44.10-1_HDR\" \/><\/figure><\/div><div class=\"swiper-slide\"><figure class=\"swiper-slide-inner\"><img decoding=\"async\" class=\"swiper-slide-image\" src=\"https:\/\/www.gites-la-source.com\/gite-source-dordogne\/wp-content\/uploads\/elementor\/thumbs\/Plan-gites-oko8usbz19hkhlqz4f90oaigd8d1d69vea1m7s7l8g.png\" alt=\"Plan gites\" \/><\/figure><\/div>\t\t\t<\/div>\n\t\t\t\t\t\t\t\t\t\t\t\t<div class=\"swiper-pagination\"><\/div>\n\t\t\t\t\t\t\t\t\t\t\t\t\t<div class=\"elementor-swiper-button elementor-swiper-button-prev\">\n\t\t\t\t\t\t<i class=\"eicon-chevron-left\" aria-hidden=\"true\"><\/i>\n\t\t\t\t\t\t<span class=\"elementor-screen-only\">Previous<\/span>\n\t\t\t\t\t<\/div>\n\t\t\t\t\t<div class=\"elementor-swiper-button elementor-swiper-button-next\">\n\t\t\t\t\t\t<i class=\"eicon-chevron-right\" aria-hidden=\"true\"><\/i>\n\t\t\t\t\t\t<span class=\"elementor-screen-only\">Next<\/span>\n\t\t\t\t\t<\/div>\n\t\t\t\t\t\t\t\t\t<\/div>\n\t\t\t\t<\/div>\n\t\t\t\t<\/div>\n\t\t\t\t\t<\/div>\n\t\t<\/div>\n\t\t\t\t\t\t\t<\/div>\n\t\t<\/section>\n\t\t\t\t\t\t<\/div>\n\t\t\t\t\t<\/div>\n\t\t","protected":false},"excerpt":{"rendered":"<p>G\u00eetes La Source R\u00c9SERVER Pr\u00e9c\u00e9dent Suivant The domain of G\u00eetes la Source is a village of 8 g\u00eetes, a unique place located in the Dordogne, in the heart of the Golden Triangle of P\u00e9rigord Noir, just a few minutes from all tourist and cultural activities and halfway between Lascaux and Sarlat (12 minutes). Sandrine and &hellip; <\/p>\n<p class=\"link-more\"><a href=\"https:\/\/www.gites-la-source.com\/en\/\" class=\"more-link\">Continue reading<span class=\"screen-reader-text\"> &#8220;La Source&#8221;<\/span><\/a><\/p>\n","protected":false},"author":3,"featured_media":172,"parent":0,"menu_order":0,"comment_status":"closed","ping_status":"closed","template":"","meta":{"footnotes":""},"class_list":["post-1303","page","type-page","status-publish","has-post-thumbnail","hentry"],"_links":{"self":[{"href":"https:\/\/www.gites-la-source.com\/en\/wp-json\/wp\/v2\/pages\/1303","targetHints":{"allow":["GET"]}}],"collection":[{"href":"https:\/\/www.gites-la-source.com\/en\/wp-json\/wp\/v2\/pages"}],"about":[{"href":"https:\/\/www.gites-la-source.com\/en\/wp-json\/wp\/v2\/types\/page"}],"author":[{"embeddable":true,"href":"https:\/\/www.gites-la-source.com\/en\/wp-json\/wp\/v2\/users\/3"}],"replies":[{"embeddable":true,"href":"https:\/\/www.gites-la-source.com\/en\/wp-json\/wp\/v2\/comments?post=1303"}],"version-history":[{"count":127,"href":"https:\/\/www.gites-la-source.com\/en\/wp-json\/wp\/v2\/pages\/1303\/revisions"}],"predecessor-version":[{"id":2859,"href":"https:\/\/www.gites-la-source.com\/en\/wp-json\/wp\/v2\/pages\/1303\/revisions\/2859"}],"wp:featuredmedia":[{"embeddable":true,"href":"https:\/\/www.gites-la-source.com\/en\/wp-json\/wp\/v2\/media\/172"}],"wp:attachment":[{"href":"https:\/\/www.gites-la-source.com\/en\/wp-json\/wp\/v2\/media?parent=1303"}],"curies":[{"name":"wp","href":"https:\/\/api.w.org\/{rel}","templated":true}]}}